{"id":987490746,"date":"2023-09-01T20:40:32","date_gmt":"2023-09-01T17:40:32","guid":{"rendered":"https:\/\/www.otaniemenapteekki.fi\/?page_id=987490746"},"modified":"2026-04-30T14:33:32","modified_gmt":"2026-04-30T11:33:32","slug":"lehdet","status":"publish","type":"page","link":"https:\/\/www.otaniemenapteekki.fi\/sv\/lehdet\/","title":{"rendered":"Tidningar"},"content":{"rendered":"<p>[et_pb_section fb_built=&#8221;1&#8243; _builder_version=&#8221;4.21.0&#8243; _module_preset=&#8221;default&#8221; module_alignment=&#8221;center&#8221; custom_padding=&#8221;||23px|||&#8221; locked=&#8221;off&#8221; global_colors_info=&#8221;{}&#8221;][et_pb_row _builder_version=&#8221;4.21.0&#8243; _module_preset=&#8221;default&#8221; width=&#8221;90%&#8221; max_width_tablet=&#8221;800px&#8221; max_width_phone=&#8221;800px&#8221; max_width_last_edited=&#8221;on|desktop&#8221; global_colors_info=&#8221;{}&#8221;][et_pb_column type=&#8221;4_4&#8243; _builder_version=&#8221;4.16.0&#8243; _module_preset=&#8221;default&#8221; global_colors_info=&#8221;{}&#8221;][et_pb_text disabled_on=&#8221;off|off|off&#8221; _builder_version=&#8221;4.22.0&#8243; _module_preset=&#8221;default&#8221; text_font=&#8221;|700|||||||&#8221; text_font_size=&#8221;46px&#8221; header_text_align=&#8221;center&#8221; header_font_size=&#8221;41px&#8221; header_3_font_size=&#8221;38px&#8221; header_3_line_height=&#8221;1.2em&#8221; header_3_font_size_tablet=&#8221;38px&#8221; header_3_font_size_phone=&#8221;32px&#8221; header_3_font_size_last_edited=&#8221;on|phone&#8221; global_colors_info=&#8221;{}&#8221;]<\/p>\n<h3 style=\"text-align: center;\">LEHDET<\/h3>\n<p>[\/et_pb_text][\/et_pb_column][\/et_pb_row][et_pb_row column_structure=&#8221;3_5,2_5&#8243; _builder_version=&#8221;4.22.0&#8243; _module_preset=&#8221;default&#8221; width=&#8221;90%&#8221; width_tablet=&#8221;90%&#8221; width_phone=&#8221;90%&#8221; width_last_edited=&#8221;on|phone&#8221; max_width_tablet=&#8221;800px&#8221; max_width_phone=&#8221;800px&#8221; max_width_last_edited=&#8221;on|desktop&#8221; module_alignment=&#8221;center&#8221; custom_padding=&#8221;30px||50px||false|false&#8221; border_width_bottom=&#8221;2px&#8221; border_color_bottom=&#8221;#608e34&#8243; locked=&#8221;off&#8221; global_colors_info=&#8221;{}&#8221;][et_pb_column type=&#8221;3_5&#8243; _builder_version=&#8221;4.16.0&#8243; _module_preset=&#8221;default&#8221; global_colors_info=&#8221;{}&#8221;][et_pb_text _builder_version=&#8221;4.27.4&#8243; _module_preset=&#8221;default&#8221; hover_enabled=&#8221;0&#8243; global_colors_info=&#8221;{}&#8221; sticky_enabled=&#8221;0&#8243;]<\/p>\n<h2>Otaniemen sivuapteekin asiakaslehti<\/h2>\n<p>Numeron 3\/2026 sis\u00e4lt\u00f6:<\/p>\n<ul>\n<li>Apteekkari Anne Calanderin tervehdys Aino apteekin ja Otaniemen sivuapteekin asiakkaille<\/li>\n<li>Pisama, melasma vai jotain vakavampaa?<\/li>\n<li>Keskittymisvaikeuksien taustalla ADT?<\/li>\n<li>Nettiterapialla eroon pakko-oireisesta h\u00e4iri\u00f6st\u00e4.<\/li>\n<\/ul>\n<p>Avaa n\u00e4k\u00f6isversio ohessa olevan kuvan kautta:<\/p>\n<ul><\/ul>\n<p>F\u00f6r tidning p\u00e5 svenska klicka <a href=\"https:\/\/indd.adobe.com\/view\/b8255c13-2ad4-42d0-bf4b-d841a907b060\" target=\"_blank\" rel=\"noopener\" title=\"Laatuapteekit tidning p\u00e5 svenska\">h\u00e4r<\/a><\/p>\n<p>[\/et_pb_text][\/et_pb_column][et_pb_column type=&#8221;2_5&#8243; _builder_version=&#8221;4.16.0&#8243; _module_preset=&#8221;default&#8221; global_colors_info=&#8221;{}&#8221;][et_pb_text _builder_version=&#8221;4.27.4&#8243; _module_preset=&#8221;default&#8221; text_text_color=&#8221;#ffffff&#8221; text_font_size=&#8221;20px&#8221; text_letter_spacing=&#8221;1px&#8221; header_font_size=&#8221;31px&#8221; background_color=&#8221;#608e34&#8243; width=&#8221;300px&#8221; width_tablet=&#8221;500px&#8221; width_phone=&#8221;95%&#8221; width_last_edited=&#8221;on|phone&#8221; module_alignment=&#8221;center&#8221; custom_margin=&#8221;||0px||false|false&#8221; custom_padding=&#8221;15px|5px|15px|15px|false|false&#8221; hover_enabled=&#8221;0&#8243; text_font_size_tablet=&#8221;27px&#8221; text_font_size_phone=&#8221;24px&#8221; text_font_size_last_edited=&#8221;on|phone&#8221; global_colors_info=&#8221;{}&#8221; sticky_enabled=&#8221;0&#8243;]<\/p>\n<p>ASIAKASLEHTI 3\/2026<\/p>\n<p>[\/et_pb_text][et_pb_image_n10s src=&#8221;https:\/\/www.otaniemenapteekki.fi\/wpolku\/wp-content\/uploads\/2026\/04\/Kansi.png&#8221; n10s_type=&#8221;sydney&#8221; include_button=&#8221;on&#8221; button_url=&#8221;https:\/\/indd.adobe.com\/view\/b6c87a1d-da68-45e8-b977-9260d1aab4a6&#8243; button_url_new_window=&#8221;on&#8221; button_text=&#8221;AVAA LEHTI&#8221; button_position=&#8221;middle-center&#8221; button_opacity=&#8221;0.98&#8243; sticky=&#8221;off&#8221; align=&#8221;center&#8221; always_center_on_mobile=&#8221;on&#8221; use_overlay_gradient=&#8221;off&#8221; _builder_version=&#8221;4.27.4&#8243; _module_preset=&#8221;default&#8221; header_font=&#8221;|700|||||||&#8221; header_text_color=&#8221;#7cda24&#8243; header_font_size=&#8221;20px&#8221; header_letter_spacing=&#8221;2px&#8221; header_line_height=&#8221;0em&#8221; text_text_color=&#8221;#FFFFFF&#8221; text_font_size=&#8221;16px&#8221; background_enable_image=&#8221;off&#8221; custom_primary_button=&#8221;on&#8221; primary_button_bg_color=&#8221;rgba(96,142,52,0.84)&#8221; primary_button_font=&#8221;||||||||&#8221; primary_button_use_icon=&#8221;off&#8221; width=&#8221;300px&#8221; width_tablet=&#8221;500px&#8221; width_phone=&#8221;95%&#8221; width_last_edited=&#8221;on|phone&#8221; module_alignment=&#8221;center&#8221; custom_margin=&#8221;0px|0px|0px|0px|false|false&#8221; custom_padding=&#8221;0px|0px|0px|0px|false|false&#8221; link_option_url=&#8221;https:\/\/indd.adobe.com\/view\/b6c87a1d-da68-45e8-b977-9260d1aab4a6&#8243; link_option_url_new_window=&#8221;on&#8221; hover_enabled=&#8221;0&#8243; header_font_size_tablet=&#8221;&#8221; header_font_size_phone=&#8221;19px&#8221; header_font_size_last_edited=&#8221;on|phone&#8221; header_line_height_tablet=&#8221;0em&#8221; header_line_height_phone=&#8221;1.5em&#8221; header_line_height_last_edited=&#8221;on|phone&#8221; text_text_color_tablet=&#8221;#FFFFFF&#8221; text_text_color_phone=&#8221;RGBA(255,255,255,0)&#8221; text_text_color_last_edited=&#8221;on|phone&#8221; text_font_size_last_edited=&#8221;off|desktop&#8221; header_text_shadow_style=&#8221;preset5&#8243; global_colors_info=&#8221;{}&#8221; sticky_enabled=&#8221;0&#8243;][\/et_pb_image_n10s][\/et_pb_column][\/et_pb_row][et_pb_row column_structure=&#8221;3_5,2_5&#8243; _builder_version=&#8221;4.22.0&#8243; _module_preset=&#8221;default&#8221; width=&#8221;90%&#8221; width_tablet=&#8221;90%&#8221; width_phone=&#8221;90%&#8221; width_last_edited=&#8221;on|phone&#8221; max_width_tablet=&#8221;800px&#8221; max_width_phone=&#8221;800px&#8221; max_width_last_edited=&#8221;on|desktop&#8221; module_alignment=&#8221;center&#8221; custom_padding=&#8221;30px||50px||false|false&#8221; border_width_bottom=&#8221;2px&#8221; border_color_bottom=&#8221;#608e34&#8243; locked=&#8221;off&#8221; global_colors_info=&#8221;{}&#8221;][et_pb_column type=&#8221;3_5&#8243; _builder_version=&#8221;4.16.0&#8243; _module_preset=&#8221;default&#8221; global_colors_info=&#8221;{}&#8221;][et_pb_text _builder_version=&#8221;4.27.4&#8243; _module_preset=&#8221;default&#8221; link_font=&#8221;||||on||||&#8221; link_option_url=&#8221;https:\/\/issuu.com\/otavamedia_asiakasviestinta\/docs\/terveydeksi_3-2024&#8243; global_colors_info=&#8221;{}&#8221;]<\/p>\n<h2>Terveydeksi -lehti<\/h2>\n<p>Apteekin asiakaslehti saatavilla apteekissamme.<\/p>\n<p>Avaa n\u00e4k\u00f6isversio ao. linkin tai ohessa olevan kuvan kautta:<\/p>\n<p><a href=\"https:\/\/issuu.com\/otavamedia_asiakasviestinta\/docs\/terveydeksi_1_2026_27d3fe4dbae04b\" target=\"_blank\" rel=\"noopener\">N\u00e4k\u00f6isversioon t\u00e4st\u00e4<\/a><\/p>\n<p>[\/et_pb_text][\/et_pb_column][et_pb_column type=&#8221;2_5&#8243; _builder_version=&#8221;4.22.0&#8243; _module_preset=&#8221;default&#8221; global_colors_info=&#8221;{}&#8221;][et_pb_text _builder_version=&#8221;4.27.4&#8243; _module_preset=&#8221;default&#8221; text_text_color=&#8221;#ffffff&#8221; text_font_size=&#8221;20px&#8221; text_letter_spacing=&#8221;1px&#8221; header_font_size=&#8221;31px&#8221; background_color=&#8221;#608e34&#8243; width=&#8221;300px&#8221; width_tablet=&#8221;500px&#8221; width_phone=&#8221;95%&#8221; width_last_edited=&#8221;on|phone&#8221; module_alignment=&#8221;center&#8221; custom_margin=&#8221;||0px||false|false&#8221; custom_padding=&#8221;15px|5px|15px|15px|false|false&#8221; text_font_size_tablet=&#8221;27px&#8221; text_font_size_phone=&#8221;24px&#8221; text_font_size_last_edited=&#8221;on|phone&#8221; global_colors_info=&#8221;{}&#8221;]<\/p>\n<p>TERVEYDEKSI 1\/2026<\/p>\n<p>[\/et_pb_text][et_pb_image_n10s src=&#8221;https:\/\/www.otaniemenapteekki.fi\/wpolku\/wp-content\/uploads\/2026\/03\/Terveydeksi-kansi-1_2026.png&#8221; n10s_type=&#8221;sydney&#8221; include_button=&#8221;on&#8221; button_url=&#8221;https:\/\/issuu.com\/otavamedia_asiakasviestinta\/docs\/terveydeksi_1_2026_27d3fe4dbae04b&#8221; button_url_new_window=&#8221;on&#8221; button_text=&#8221;AVAA LEHTI&#8221; button_position=&#8221;middle-center&#8221; button_opacity=&#8221;0.98&#8243; sticky=&#8221;off&#8221; align=&#8221;center&#8221; always_center_on_mobile=&#8221;on&#8221; use_overlay_gradient=&#8221;off&#8221; _builder_version=&#8221;4.27.4&#8243; _module_preset=&#8221;default&#8221; header_font=&#8221;|700|||||||&#8221; header_text_color=&#8221;#FFFFFF&#8221; header_font_size=&#8221;20px&#8221; header_letter_spacing=&#8221;2px&#8221; header_line_height=&#8221;0em&#8221; text_text_color=&#8221;#FFFFFF&#8221; text_font_size=&#8221;16px&#8221; background_enable_image=&#8221;off&#8221; custom_primary_button=&#8221;on&#8221; primary_button_bg_color=&#8221;rgba(96,142,52,0.84)&#8221; primary_button_font=&#8221;||||||||&#8221; primary_button_use_icon=&#8221;off&#8221; width=&#8221;300px&#8221; width_tablet=&#8221;500px&#8221; width_phone=&#8221;95%&#8221; width_last_edited=&#8221;on|phone&#8221; module_alignment=&#8221;center&#8221; custom_margin=&#8221;0px|0px|0px|0px|false|false&#8221; custom_padding=&#8221;0px|0px|0px|0px|false|false&#8221; link_option_url=&#8221;https:\/\/issuu.com\/otavamedia_asiakasviestinta\/docs\/terveydeksi_1_2026_27d3fe4dbae04b&#8221; link_option_url_new_window=&#8221;on&#8221; header_font_size_tablet=&#8221;&#8221; header_font_size_phone=&#8221;19px&#8221; header_font_size_last_edited=&#8221;on|phone&#8221; header_line_height_tablet=&#8221;0em&#8221; header_line_height_phone=&#8221;1.5em&#8221; header_line_height_last_edited=&#8221;on|phone&#8221; text_text_color_tablet=&#8221;#FFFFFF&#8221; text_text_color_phone=&#8221;RGBA(255,255,255,0)&#8221; text_text_color_last_edited=&#8221;on|phone&#8221; text_font_size_last_edited=&#8221;off|desktop&#8221; global_colors_info=&#8221;{}&#8221;][\/et_pb_image_n10s][\/et_pb_column][\/et_pb_row][et_pb_row _builder_version=&#8221;4.21.0&#8243; _module_preset=&#8221;default&#8221; width=&#8221;90%&#8221; width_tablet=&#8221;90%&#8221; width_phone=&#8221;90%&#8221; width_last_edited=&#8221;on|phone&#8221; max_width_tablet=&#8221;800px&#8221; max_width_phone=&#8221;800px&#8221; max_width_last_edited=&#8221;on|desktop&#8221; module_alignment=&#8221;center&#8221; locked=&#8221;off&#8221; global_colors_info=&#8221;{}&#8221;][et_pb_column type=&#8221;4_4&#8243; _builder_version=&#8221;4.16.0&#8243; _module_preset=&#8221;default&#8221; global_colors_info=&#8221;{}&#8221;][\/et_pb_column][\/et_pb_row][\/et_pb_section]<\/p>\n","protected":false},"excerpt":{"rendered":"<p>LEHDETOtaniemen sivuapteekin asiakaslehti Numeron 3\/2026 sis\u00e4lt\u00f6: Apteekkari Anne Calanderin tervehdys Aino apteekin ja Otaniemen sivuapteekin asiakkaille Pisama, melasma vai jotain vakavampaa? Keskittymisvaikeuksien taustalla ADT? Nettiterapialla eroon pakko-oireisesta h\u00e4iri\u00f6st\u00e4. Avaa n\u00e4k\u00f6isversio ohessa olevan kuvan kautta: F\u00f6r tidning p\u00e5 svenska klicka h\u00e4rASIAKASLEHTI 3\/2026Terveydeksi -lehti Apteekin asiakaslehti saatavilla apteekissamme. Avaa n\u00e4k\u00f6isversio ao. linkin tai ohessa olevan kuvan kautta: [&hellip;]<\/p>\n","protected":false},"author":1,"featured_media":0,"parent":0,"menu_order":0,"comment_status":"closed","ping_status":"closed","template":"","meta":{"_et_pb_use_builder":"on","_et_pb_old_content":"","_et_gb_content_width":"","footnotes":""},"yoast_head":"<!-- This site is optimized with the Yoast SEO plugin v23.5 - https:\/\/yoast.com\/wordpress\/plugins\/seo\/ -->\n<title>Lehdet - Otaniemen apteekki<\/title>\n<meta name=\"robots\" content=\"index, follow, max-snippet:-1, max-image-preview:large, max-video-preview:-1\" \/>\n<link rel=\"canonical\" href=\"https:\/\/www.otaniemenapteekki.fi\/sv\/lehdet\/\" \/>\n<meta property=\"og:locale\" content=\"sv_SE\" \/>\n<meta property=\"og:type\" content=\"article\" \/>\n<meta property=\"og:title\" content=\"Lehdet - Otaniemen apteekki\" \/>\n<meta property=\"og:description\" content=\"LEHDETOtaniemen sivuapteekin asiakaslehti Numeron 3\/2026 sis\u00e4lt\u00f6: Apteekkari Anne Calanderin tervehdys Aino apteekin ja Otaniemen sivuapteekin asiakkaille Pisama, melasma vai jotain vakavampaa? Keskittymisvaikeuksien taustalla ADT? Nettiterapialla eroon pakko-oireisesta h\u00e4iri\u00f6st\u00e4. Avaa n\u00e4k\u00f6isversio ohessa olevan kuvan kautta: F\u00f6r tidning p\u00e5 svenska klicka h\u00e4rASIAKASLEHTI 3\/2026Terveydeksi -lehti Apteekin asiakaslehti saatavilla apteekissamme. Avaa n\u00e4k\u00f6isversio ao. linkin tai ohessa olevan kuvan kautta: [&hellip;]\" \/>\n<meta property=\"og:url\" content=\"https:\/\/www.otaniemenapteekki.fi\/sv\/lehdet\/\" \/>\n<meta property=\"og:site_name\" content=\"Otaniemen apteekki\" \/>\n<meta property=\"article:modified_time\" content=\"2026-04-30T11:33:32+00:00\" \/>\n<meta name=\"twitter:card\" content=\"summary_large_image\" \/>\n<meta name=\"twitter:label1\" content=\"Ber\u00e4knad l\u00e4stid\" \/>\n\t<meta name=\"twitter:data1\" content=\"6 minuter\" \/>\n<script type=\"application\/ld+json\" class=\"yoast-schema-graph\">{\"@context\":\"https:\/\/schema.org\",\"@graph\":[{\"@type\":\"WebPage\",\"@id\":\"https:\/\/www.otaniemenapteekki.fi\/lehdet\/\",\"url\":\"https:\/\/www.otaniemenapteekki.fi\/lehdet\/\",\"name\":\"Lehdet - Otaniemen apteekki\",\"isPartOf\":{\"@id\":\"https:\/\/www.otaniemenapteekki.fi\/#website\"},\"datePublished\":\"2023-09-01T17:40:32+00:00\",\"dateModified\":\"2026-04-30T11:33:32+00:00\",\"breadcrumb\":{\"@id\":\"https:\/\/www.otaniemenapteekki.fi\/lehdet\/#breadcrumb\"},\"inLanguage\":\"sv-SE\",\"potentialAction\":[{\"@type\":\"ReadAction\",\"target\":[\"https:\/\/www.otaniemenapteekki.fi\/lehdet\/\"]}]},{\"@type\":\"BreadcrumbList\",\"@id\":\"https:\/\/www.otaniemenapteekki.fi\/lehdet\/#breadcrumb\",\"itemListElement\":[{\"@type\":\"ListItem\",\"position\":1,\"name\":\"Etusivu\",\"item\":\"https:\/\/www.otaniemenapteekki.fi\/\"},{\"@type\":\"ListItem\",\"position\":2,\"name\":\"Lehdet\"}]},{\"@type\":\"WebSite\",\"@id\":\"https:\/\/www.otaniemenapteekki.fi\/#website\",\"url\":\"https:\/\/www.otaniemenapteekki.fi\/\",\"name\":\"Otaniemen apteekki\",\"description\":\"\",\"potentialAction\":[{\"@type\":\"SearchAction\",\"target\":{\"@type\":\"EntryPoint\",\"urlTemplate\":\"https:\/\/www.otaniemenapteekki.fi\/?s={search_term_string}\"},\"query-input\":{\"@type\":\"PropertyValueSpecification\",\"valueRequired\":true,\"valueName\":\"search_term_string\"}}],\"inLanguage\":\"sv-SE\"}]}<\/script>\n<!-- \/ Yoast SEO plugin. -->","yoast_head_json":{"title":"Lehdet - Otaniemen apteekki","robots":{"index":"index","follow":"follow","max-snippet":"max-snippet:-1","max-image-preview":"max-image-preview:large","max-video-preview":"max-video-preview:-1"},"canonical":"https:\/\/www.otaniemenapteekki.fi\/sv\/lehdet\/","og_locale":"sv_SE","og_type":"article","og_title":"Lehdet - Otaniemen apteekki","og_description":"LEHDETOtaniemen sivuapteekin asiakaslehti Numeron 3\/2026 sis\u00e4lt\u00f6: Apteekkari Anne Calanderin tervehdys Aino apteekin ja Otaniemen sivuapteekin asiakkaille Pisama, melasma vai jotain vakavampaa? Keskittymisvaikeuksien taustalla ADT? Nettiterapialla eroon pakko-oireisesta h\u00e4iri\u00f6st\u00e4. Avaa n\u00e4k\u00f6isversio ohessa olevan kuvan kautta: F\u00f6r tidning p\u00e5 svenska klicka h\u00e4rASIAKASLEHTI 3\/2026Terveydeksi -lehti Apteekin asiakaslehti saatavilla apteekissamme. Avaa n\u00e4k\u00f6isversio ao. linkin tai ohessa olevan kuvan kautta: [&hellip;]","og_url":"https:\/\/www.otaniemenapteekki.fi\/sv\/lehdet\/","og_site_name":"Otaniemen apteekki","article_modified_time":"2026-04-30T11:33:32+00:00","twitter_card":"summary_large_image","twitter_misc":{"Ber\u00e4knad l\u00e4stid":"6 minuter"},"schema":{"@context":"https:\/\/schema.org","@graph":[{"@type":"WebPage","@id":"https:\/\/www.otaniemenapteekki.fi\/lehdet\/","url":"https:\/\/www.otaniemenapteekki.fi\/lehdet\/","name":"Lehdet - Otaniemen apteekki","isPartOf":{"@id":"https:\/\/www.otaniemenapteekki.fi\/#website"},"datePublished":"2023-09-01T17:40:32+00:00","dateModified":"2026-04-30T11:33:32+00:00","breadcrumb":{"@id":"https:\/\/www.otaniemenapteekki.fi\/lehdet\/#breadcrumb"},"inLanguage":"sv-SE","potentialAction":[{"@type":"ReadAction","target":["https:\/\/www.otaniemenapteekki.fi\/lehdet\/"]}]},{"@type":"BreadcrumbList","@id":"https:\/\/www.otaniemenapteekki.fi\/lehdet\/#breadcrumb","itemListElement":[{"@type":"ListItem","position":1,"name":"Etusivu","item":"https:\/\/www.otaniemenapteekki.fi\/"},{"@type":"ListItem","position":2,"name":"Lehdet"}]},{"@type":"WebSite","@id":"https:\/\/www.otaniemenapteekki.fi\/#website","url":"https:\/\/www.otaniemenapteekki.fi\/","name":"Otaniemen apteekki","description":"","potentialAction":[{"@type":"SearchAction","target":{"@type":"EntryPoint","urlTemplate":"https:\/\/www.otaniemenapteekki.fi\/?s={search_term_string}"},"query-input":{"@type":"PropertyValueSpecification","valueRequired":true,"valueName":"search_term_string"}}],"inLanguage":"sv-SE"}]}},"_links":{"self":[{"href":"https:\/\/www.otaniemenapteekki.fi\/sv\/wp-json\/wp\/v2\/pages\/987490746"}],"collection":[{"href":"https:\/\/www.otaniemenapteekki.fi\/sv\/wp-json\/wp\/v2\/pages"}],"about":[{"href":"https:\/\/www.otaniemenapteekki.fi\/sv\/wp-json\/wp\/v2\/types\/page"}],"author":[{"embeddable":true,"href":"https:\/\/www.otaniemenapteekki.fi\/sv\/wp-json\/wp\/v2\/users\/1"}],"replies":[{"embeddable":true,"href":"https:\/\/www.otaniemenapteekki.fi\/sv\/wp-json\/wp\/v2\/comments?post=987490746"}],"version-history":[{"count":78,"href":"https:\/\/www.otaniemenapteekki.fi\/sv\/wp-json\/wp\/v2\/pages\/987490746\/revisions"}],"predecessor-version":[{"id":987491450,"href":"https:\/\/www.otaniemenapteekki.fi\/sv\/wp-json\/wp\/v2\/pages\/987490746\/revisions\/987491450"}],"wp:attachment":[{"href":"https:\/\/www.otaniemenapteekki.fi\/sv\/wp-json\/wp\/v2\/media?parent=987490746"}],"curies":[{"name":"wp","href":"https:\/\/api.w.org\/{rel}","templated":true}]}}