{"id":3,"date":"2022-03-11T17:26:44","date_gmt":"2022-03-11T17:26:44","guid":{"rendered":"http:\/\/www.nuawa.fi\/wpolku\/?page_id=3"},"modified":"2023-06-02T11:22:38","modified_gmt":"2023-06-02T08:22:38","slug":"tietosuojaseloste","status":"publish","type":"page","link":"https:\/\/www.otaniemenapteekki.fi\/sv\/tietosuojaseloste\/","title":{"rendered":"Tietosuojaseloste"},"content":{"rendered":"<p>[et_pb_section fb_built=&#8221;1&#8243; _builder_version=&#8221;4.16&#8243; global_colors_info=&#8221;{}&#8221;][et_pb_row _builder_version=&#8221;4.16&#8243; background_size=&#8221;initial&#8221; background_position=&#8221;top_left&#8221; background_repeat=&#8221;repeat&#8221; global_colors_info=&#8221;{}&#8221;][et_pb_column type=&#8221;4_4&#8243; _builder_version=&#8221;4.16&#8243; custom_padding=&#8221;|||&#8221; global_colors_info=&#8221;{}&#8221; custom_padding__hover=&#8221;|||&#8221;][et_pb_text _builder_version=&#8221;4.21.0&#8243; _module_preset=&#8221;default&#8221; hover_enabled=&#8221;0&#8243; global_colors_info=&#8221;{}&#8221; sticky_enabled=&#8221;0&#8243;]<\/p>\n<div class=\"fusion-text\">\n<h2 class=\"fusion-responsive-typography-calculated\" data-fontsize=\"36\" data-lineheight=\"39.6px\">Tapiolan Aino apteekin rekisteri- ja tietosuojaseloste<\/h2>\n<p>T\u00e4m\u00e4 on Tapiolan Aino apteekin henkil\u00f6tietolain (10 ja 24 \u00a7) ja EU:n yleisen tietosuoja-asetuksen (GDPR) mukainen rekisteri- ja tietosuojaseloste. Laadittu 18.5.2022.<\/p>\n<h3 class=\"fusion-responsive-typography-calculated\" data-fontsize=\"32\" data-lineheight=\"36.1667px\">1. Rekisterinpit\u00e4j\u00e4<\/h3>\n<p>Tapiolan Aino apteekki<br \/>Osoite L\u00e4nsituuli 12, 02100 Espoo<br \/>s\u00e4hk\u00f6posti: ainoapteekki@apteekit.net<br \/>www.otaniemenapteekki.fi<\/p>\n<h3 class=\"fusion-responsive-typography-calculated\" data-fontsize=\"32\" data-lineheight=\"36.1667px\">2. Rekisterist\u00e4 vastaava yhteyshenkil\u00f6<\/h3>\n<p>Anne Calander, Tapiolan Aino apteekki<br \/>Osoite L\u00e4nsituuli 12, 02100 Espoo<br \/>p. 09 4391 5212<br \/>s\u00e4hk\u00f6posti: ainoapteekki@apteekit.net<br \/>www.otaniemenapteekki.fi<\/p>\n<h3 class=\"fusion-responsive-typography-calculated\" data-fontsize=\"32\" data-lineheight=\"36.1667px\">3. Rekisterin nimi<\/h3>\n<p>Tapiolan Aino apteekin asiakasrekisteri<br \/>S\u00e4hk\u00f6isten palveluiden asiakasrekisteri<\/p>\n<h3 class=\"fusion-responsive-typography-calculated\" data-fontsize=\"32\" data-lineheight=\"36.1667px\">4. Oikeusperuste ja henkil\u00f6tietojen k\u00e4sittelyn tarkoitus<\/h3>\n<p>EU:n yleisen tietosuoja-asetuksen mukainen oikeusperuste henkil\u00f6tietojen k\u00e4sittelylle on rekisterinpit\u00e4j\u00e4n oikeutettu etu. Henkil\u00f6tietojen k\u00e4sittelyn tarkoitus on yhteydenpito asiakkaisiin, asiakassuhteen yll\u00e4pito, laskutus ja markkinointi. Tietoja ei k\u00e4ytet\u00e4 automatisoituun p\u00e4\u00e4t\u00f6ksentekoon tai profilointiin.<\/p>\n<h3 class=\"fusion-responsive-typography-calculated\" data-fontsize=\"32\" data-lineheight=\"36.1667px\">5. Rekisterin tietosis\u00e4lt\u00f6<\/h3>\n<p>Rekisteriin tallennettavia tietoja ovat: henkil\u00f6n nimi, yritys\/organisaatio, yhteystiedot (puhelinnumero, s\u00e4hk\u00f6postiosoite, osoite), tiedot tilatuista palveluista ja niiden muutoksista, laskutustiedot, muut asiakassuhteeseen ja tilattuihin tai vuokrattuihin palveluihin liittyv\u00e4t tiedot.<\/p>\n<h3 class=\"fusion-responsive-typography-calculated\" data-fontsize=\"32\" data-lineheight=\"36.1667px\">6. S\u00e4\u00e4nn\u00f6nmukaiset tietol\u00e4hteet<\/h3>\n<p>Rekisteriin tallennettavat tiedot saadaan asiakkaalta mm. Tapiolan Aino apteekin www-lomakkeella l\u00e4hetetyist\u00e4 viesteist\u00e4, s\u00e4hk\u00f6postitse, puhelimitse, sosiaalisen median palvelujen kautta, sopimuksista, asiakastapaamisista ja muista tilanteista, joissa asiakas luovuttaa tietojaan.<\/p>\n<h3 class=\"fusion-responsive-typography-calculated\" data-fontsize=\"32\" data-lineheight=\"36.1667px\">7. Tietojen s\u00e4\u00e4nn\u00f6nmukaiset luovutukset ja tietojen siirto EU:n tai ETA:n ulkopuolelle<\/h3>\n<p>Tietoja ei luovuteta s\u00e4\u00e4nn\u00f6nmukaisesti muille tahoille. Tietoja voidaan julkaista silt\u00e4 osin kuin niin on sovittu asiakkaan kanssa.<br \/>Tietoja ei siirret\u00e4 rekisterinpit\u00e4j\u00e4n toimesta EU:n tai ETA:n ulkopuolelle.<\/p>\n<h3 class=\"fusion-responsive-typography-calculated\" data-fontsize=\"32\" data-lineheight=\"36.1667px\">8. Rekisterin suojauksen periaatteet<\/h3>\n<p>Rekisterin k\u00e4sittelyss\u00e4 noudatetaan huolellisuutta ja tietoj\u00e4rjestelmien avulla k\u00e4sitelt\u00e4v\u00e4t tiedot suojataan asianmukaisesti. Kun rekisteritietoja s\u00e4ilytet\u00e4\u00e4n Internet-palvelimilla, niiden laitteiston fyysisest\u00e4 ja digitaalisesta tietoturvasta huolehditaan asiaankuuluvasti. Rekisterinpit\u00e4j\u00e4 huolehtii siit\u00e4, ett\u00e4 tallennettuja tietoja sek\u00e4 palvelimien k\u00e4ytt\u00f6oikeuksia ja muita henkil\u00f6tietojen turvallisuuden kannalta kriittisi\u00e4 tietoja k\u00e4sitell\u00e4\u00e4n luottamuksellisesti ja vain niiden ty\u00f6ntekij\u00f6iden toimesta, joiden ty\u00f6nkuvaan se kuuluu.<\/p>\n<h3 class=\"fusion-responsive-typography-calculated\" data-fontsize=\"32\" data-lineheight=\"36.1667px\">9. Tarkastusoikeus ja oikeus vaatia tiedon korjaamista<\/h3>\n<p>Jokaisella rekisteriss\u00e4 olevalla henkil\u00f6ll\u00e4 on oikeus tarkistaa rekisteriin tallennetut tietonsa ja vaatia mahdollisen virheellisen tiedon korjaamista tai puutteellisen tiedon t\u00e4ydent\u00e4mist\u00e4. Mik\u00e4li henkil\u00f6 haluaa tarkistaa h\u00e4nest\u00e4 tallennetut tiedot tai vaatia niihin oikaisua, pyynt\u00f6 tulee l\u00e4hett\u00e4\u00e4 s\u00e4hk\u00f6postitse rekisterinpit\u00e4j\u00e4lle osoitteeseen ainoapteekki@apteekit.net. Rekisterinpit\u00e4j\u00e4 voi pyyt\u00e4\u00e4 tarvittaessa pyynn\u00f6n esitt\u00e4j\u00e4\u00e4 todistamaan henkil\u00f6llisyytens\u00e4. Rekisterinpit\u00e4j\u00e4 vastaa asiakkaalle EU:n tietosuoja-asetuksessa s\u00e4\u00e4detyss\u00e4 ajassa (p\u00e4\u00e4s\u00e4\u00e4nt\u00f6isesti kuukauden kuluessa).<\/p>\n<h3 class=\"fusion-responsive-typography-calculated\" data-fontsize=\"32\" data-lineheight=\"36.1667px\">10. Muut henkil\u00f6tietojen k\u00e4sittelyyn liittyv\u00e4t oikeudet<\/h3>\n<p>Rekisteriss\u00e4 olevalla henkil\u00f6ll\u00e4 on oikeus pyyt\u00e4\u00e4 h\u00e4nt\u00e4 koskevien henkil\u00f6tietojen poistamiseen rekisterist\u00e4 (\u201coikeus tulla unohdetuksi\u201d). Niin ik\u00e4\u00e4n rekister\u00f6idyill\u00e4 on muut EU:n yleisen tietosuoja-asetuksen mukaiset oikeudet kuten henkil\u00f6tietojen k\u00e4sittelyn rajoittaminen tietyiss\u00e4 tilanteissa. Pyynn\u00f6t tulee l\u00e4hett\u00e4\u00e4 s\u00e4hk\u00f6postitse rekisterinpit\u00e4j\u00e4lle osoitteeseen ainoapteekki@apteekit.net. Rekisterinpit\u00e4j\u00e4 voi pyyt\u00e4\u00e4 tarvittaessa pyynn\u00f6n esitt\u00e4j\u00e4\u00e4 todistamaan henkil\u00f6llisyytens\u00e4. Rekisterinpit\u00e4j\u00e4 vastaa asiakkaalle EU:n tietosuoja-asetuksessa s\u00e4\u00e4detyss\u00e4 ajassa (p\u00e4\u00e4s\u00e4\u00e4nt\u00f6isesti kuukauden kuluessa).<\/p>\n<h3 class=\"fusion-responsive-typography-calculated\" data-fontsize=\"32\" data-lineheight=\"36.1667px\">Tietoa ev\u00e4steiden k\u00e4yt\u00f6st\u00e4<\/h3>\n<p>Sivustolla k\u00e4ytet\u00e4\u00e4n ev\u00e4steit\u00e4 (cookies). Ev\u00e4ste on pieni, k\u00e4ytt\u00e4j\u00e4n tietokoneelle l\u00e4hetett\u00e4v\u00e4 ja siell\u00e4 s\u00e4ilytett\u00e4v\u00e4 tekstitiedosto. Ev\u00e4steet eiv\u00e4t vahingoita k\u00e4ytt\u00e4jien tietokoneita tai tiedostoja.<\/p>\n<p>Yritys ker\u00e4\u00e4 tietoja sivustoilla vierailevilta henkil\u00f6ilt\u00e4. Tietojen avulla parannetaan sivuston toimivuutta ja sivuston sis\u00e4lt\u00f6\u00e4, kehitet\u00e4\u00e4n liiketoimintaa ja kohdennetaan markkinointia.<\/p>\n<p>Muut verkkosivustot, joille mahdollisia linkkej\u00e4 on, ker\u00e4\u00e4v\u00e4t ja hy\u00f6dynt\u00e4v\u00e4t ev\u00e4steit\u00e4 heid\u00e4n tarpeidensa mukaan. Henkil\u00f6n tulee itse hyv\u00e4ksy\u00e4 jokaisen sivuston ev\u00e4steet itse. Mik\u00e4li henkil\u00f6 ei hyv\u00e4ksy, ett\u00e4 h\u00e4nest\u00e4 ker\u00e4t\u00e4\u00e4n tietoja, kyseisen sivuston k\u00e4ytt\u00f6 tulee v\u00e4litt\u00f6m\u00e4sti lopettaa.<\/p>\n<p>Useimmat selainohjelmat mahdollistavat ev\u00e4ste-toiminnon poiskytkemisen. T\u00e4m\u00e4 tapahtuu esimerkiksi Internet Explorer -selainohjelman \u201dTy\u00f6kalut\u201d -valikosta l\u00f6ytyv\u00e4n \u201dInternet asetukset\u201d -valikon kautta kohdasta \u201dSuojaus\u201d. On hyv\u00e4 ottaa huomioon, ett\u00e4 ev\u00e4steet voivat olla tarpeellisia joidenkin palveluiden asianmukaiselle toimimiselle. Hy\u00f6dynn\u00e4mme Google Analyticsia mm. sivustomme k\u00e4ytt\u00f6\u00f6n, suosittuihin tuotteisiin, trendeihin ja myyntiin liittyv\u00e4ss\u00e4 analytiikassa. Googlelle l\u00e4hetett\u00e4v\u00e4 tieto on anonymisoitua. Lue lis\u00e4\u00e4 Google Analyticsin tietojen k\u00e4sittelyst\u00e4 t\u00e4\u00e4lt\u00e4: https:\/\/policies.google.com\/privacy\/partners.<\/p>\n<\/div>\n<p>[\/et_pb_text][\/et_pb_column][\/et_pb_row][\/et_pb_section]<\/p>\n","protected":false},"excerpt":{"rendered":"<p>Tapiolan Aino apteekin rekisteri- ja tietosuojaseloste T\u00e4m\u00e4 on Tapiolan Aino apteekin henkil\u00f6tietolain (10 ja 24 \u00a7) ja EU:n yleisen tietosuoja-asetuksen (GDPR) mukainen rekisteri- ja tietosuojaseloste. Laadittu 18.5.2022. 1. Rekisterinpit\u00e4j\u00e4 Tapiolan Aino apteekkiOsoite L\u00e4nsituuli 12, 02100 Espoos\u00e4hk\u00f6posti: ainoapteekki@apteekit.netwww.otaniemenapteekki.fi 2. Rekisterist\u00e4 vastaava yhteyshenkil\u00f6 Anne Calander, Tapiolan Aino apteekkiOsoite L\u00e4nsituuli 12, 02100 Espoop. 09 4391 5212s\u00e4hk\u00f6posti: ainoapteekki@apteekit.netwww.otaniemenapteekki.fi 3. [&hellip;]<\/p>\n","protected":false},"author":1,"featured_media":0,"parent":0,"menu_order":0,"comment_status":"closed","ping_status":"open","template":"","meta":{"_et_pb_use_builder":"on","_et_pb_old_content":"<!-- wp:heading --><h2>Who we are<\/h2><!-- \/wp:heading --><!-- wp:paragraph --><p><strong class=\"privacy-policy-tutorial\">Suggested text: <\/strong>Our website address is: https:\/\/www.otaniemenapteekki.fi\/wpolku.<\/p><!-- \/wp:paragraph --><!-- wp:heading --><h2>Comments<\/h2><!-- \/wp:heading --><!-- wp:paragraph --><p><strong class=\"privacy-policy-tutorial\">Suggested text: <\/strong>When visitors leave comments on the site we collect the data shown in the comments form, and also the visitor\u2019s IP address and browser user agent string to help spam detection.<\/p><!-- \/wp:paragraph --><!-- wp:paragraph --><p>An anonymized string created from your email address (also called a hash) may be provided to the Gravatar service to see if you are using it. The Gravatar service privacy policy is available here: https:\/\/automattic.com\/privacy\/. After approval of your comment, your profile picture is visible to the public in the context of your comment.<\/p><!-- \/wp:paragraph --><!-- wp:heading --><h2>Media<\/h2><!-- \/wp:heading --><!-- wp:paragraph --><p><strong class=\"privacy-policy-tutorial\">Suggested text: <\/strong>If you upload images to the website, you should avoid uploading images with embedded location data (EXIF GPS) included. Visitors to the website can download and extract any location data from images on the website.<\/p><!-- \/wp:paragraph --><!-- wp:heading --><h2>Cookies<\/h2><!-- \/wp:heading --><!-- wp:paragraph --><p><strong class=\"privacy-policy-tutorial\">Suggested text: <\/strong>If you leave a comment on our site you may opt-in to saving your name, email address and website in cookies. These are for your convenience so that you do not have to fill in your details again when you leave another comment. These cookies will last for one year.<\/p><!-- \/wp:paragraph --><!-- wp:paragraph --><p>If you visit our login page, we will set a temporary cookie to determine if your browser accepts cookies. This cookie contains no personal data and is discarded when you close your browser.<\/p><!-- \/wp:paragraph --><!-- wp:paragraph --><p>When you log in, we will also set up several cookies to save your login information and your screen display choices. Login cookies last for two days, and screen options cookies last for a year. If you select \"Remember Me\", your login will persist for two weeks. If you log out of your account, the login cookies will be removed.<\/p><!-- \/wp:paragraph --><!-- wp:paragraph --><p>If you edit or publish an article, an additional cookie will be saved in your browser. This cookie includes no personal data and simply indicates the post ID of the article you just edited. It expires after 1 day.<\/p><!-- \/wp:paragraph --><!-- wp:heading --><h2>Embedded content from other websites<\/h2><!-- \/wp:heading --><!-- wp:paragraph --><p><strong class=\"privacy-policy-tutorial\">Suggested text: <\/strong>Articles on this site may include embedded content (e.g. videos, images, articles, etc.). Embedded content from other websites behaves in the exact same way as if the visitor has visited the other website.<\/p><!-- \/wp:paragraph --><!-- wp:paragraph --><p>These websites may collect data about you, use cookies, embed additional third-party tracking, and monitor your interaction with that embedded content, including tracking your interaction with the embedded content if you have an account and are logged in to that website.<\/p><!-- \/wp:paragraph --><!-- wp:heading --><h2>Who we share your data with<\/h2><!-- \/wp:heading --><!-- wp:paragraph --><p><strong class=\"privacy-policy-tutorial\">Suggested text: <\/strong>If you request a password reset, your IP address will be included in the reset email.<\/p><!-- \/wp:paragraph --><!-- wp:heading --><h2>How long we retain your data<\/h2><!-- \/wp:heading --><!-- wp:paragraph --><p><strong class=\"privacy-policy-tutorial\">Suggested text: <\/strong>If you leave a comment, the comment and its metadata are retained indefinitely. This is so we can recognize and approve any follow-up comments automatically instead of holding them in a moderation queue.<\/p><!-- \/wp:paragraph --><!-- wp:paragraph --><p>For users that register on our website (if any), we also store the personal information they provide in their user profile. All users can see, edit, or delete their personal information at any time (except they cannot change their username). Website administrators can also see and edit that information.<\/p><!-- \/wp:paragraph --><!-- wp:heading --><h2>What rights you have over your data<\/h2><!-- \/wp:heading --><!-- wp:paragraph --><p><strong class=\"privacy-policy-tutorial\">Suggested text: <\/strong>If you have an account on this site, or have left comments, you can request to receive an exported file of the personal data we hold about you, including any data you have provided to us. You can also request that we erase any personal data we hold about you. This does not include any data we are obliged to keep for administrative, legal, or security purposes.<\/p><!-- \/wp:paragraph --><!-- wp:heading --><h2>Where we send your data<\/h2><!-- \/wp:heading --><!-- wp:paragraph --><p><strong class=\"privacy-policy-tutorial\">Suggested text: <\/strong>Visitor comments may be checked through an automated spam detection service.<\/p><!-- \/wp:paragraph -->","_et_gb_content_width":"","footnotes":""},"yoast_head":"<!-- This site is optimized with the Yoast SEO plugin v23.5 - https:\/\/yoast.com\/wordpress\/plugins\/seo\/ -->\n<title>Tietosuojaseloste - Otaniemen apteekki<\/title>\n<meta name=\"robots\" content=\"index, follow, max-snippet:-1, max-image-preview:large, max-video-preview:-1\" \/>\n<link rel=\"canonical\" href=\"https:\/\/www.otaniemenapteekki.fi\/sv\/tietosuojaseloste\/\" \/>\n<meta property=\"og:locale\" content=\"sv_SE\" \/>\n<meta property=\"og:type\" content=\"article\" \/>\n<meta property=\"og:title\" content=\"Tietosuojaseloste - Otaniemen apteekki\" \/>\n<meta property=\"og:description\" content=\"Tapiolan Aino apteekin rekisteri- ja tietosuojaseloste T\u00e4m\u00e4 on Tapiolan Aino apteekin henkil\u00f6tietolain (10 ja 24 \u00a7) ja EU:n yleisen tietosuoja-asetuksen (GDPR) mukainen rekisteri- ja tietosuojaseloste. Laadittu 18.5.2022. 1. Rekisterinpit\u00e4j\u00e4 Tapiolan Aino apteekkiOsoite L\u00e4nsituuli 12, 02100 Espoos\u00e4hk\u00f6posti: ainoapteekki@apteekit.netwww.otaniemenapteekki.fi 2. Rekisterist\u00e4 vastaava yhteyshenkil\u00f6 Anne Calander, Tapiolan Aino apteekkiOsoite L\u00e4nsituuli 12, 02100 Espoop. 09 4391 5212s\u00e4hk\u00f6posti: ainoapteekki@apteekit.netwww.otaniemenapteekki.fi 3. [&hellip;]\" \/>\n<meta property=\"og:url\" content=\"https:\/\/www.otaniemenapteekki.fi\/sv\/tietosuojaseloste\/\" \/>\n<meta property=\"og:site_name\" content=\"Otaniemen apteekki\" \/>\n<meta property=\"article:modified_time\" content=\"2023-06-02T08:22:38+00:00\" \/>\n<meta name=\"twitter:card\" content=\"summary_large_image\" \/>\n<meta name=\"twitter:label1\" content=\"Ber\u00e4knad l\u00e4stid\" \/>\n\t<meta name=\"twitter:data1\" content=\"4 minuter\" \/>\n<script type=\"application\/ld+json\" class=\"yoast-schema-graph\">{\"@context\":\"https:\/\/schema.org\",\"@graph\":[{\"@type\":\"WebPage\",\"@id\":\"https:\/\/www.otaniemenapteekki.fi\/tietosuojaseloste\/\",\"url\":\"https:\/\/www.otaniemenapteekki.fi\/tietosuojaseloste\/\",\"name\":\"Tietosuojaseloste - Otaniemen apteekki\",\"isPartOf\":{\"@id\":\"https:\/\/www.otaniemenapteekki.fi\/#website\"},\"datePublished\":\"2022-03-11T17:26:44+00:00\",\"dateModified\":\"2023-06-02T08:22:38+00:00\",\"breadcrumb\":{\"@id\":\"https:\/\/www.otaniemenapteekki.fi\/tietosuojaseloste\/#breadcrumb\"},\"inLanguage\":\"sv-SE\",\"potentialAction\":[{\"@type\":\"ReadAction\",\"target\":[\"https:\/\/www.otaniemenapteekki.fi\/tietosuojaseloste\/\"]}]},{\"@type\":\"BreadcrumbList\",\"@id\":\"https:\/\/www.otaniemenapteekki.fi\/tietosuojaseloste\/#breadcrumb\",\"itemListElement\":[{\"@type\":\"ListItem\",\"position\":1,\"name\":\"Etusivu\",\"item\":\"https:\/\/www.otaniemenapteekki.fi\/\"},{\"@type\":\"ListItem\",\"position\":2,\"name\":\"Tietosuojaseloste\"}]},{\"@type\":\"WebSite\",\"@id\":\"https:\/\/www.otaniemenapteekki.fi\/#website\",\"url\":\"https:\/\/www.otaniemenapteekki.fi\/\",\"name\":\"Otaniemen apteekki\",\"description\":\"\",\"potentialAction\":[{\"@type\":\"SearchAction\",\"target\":{\"@type\":\"EntryPoint\",\"urlTemplate\":\"https:\/\/www.otaniemenapteekki.fi\/?s={search_term_string}\"},\"query-input\":{\"@type\":\"PropertyValueSpecification\",\"valueRequired\":true,\"valueName\":\"search_term_string\"}}],\"inLanguage\":\"sv-SE\"}]}<\/script>\n<!-- \/ Yoast SEO plugin. -->","yoast_head_json":{"title":"Tietosuojaseloste - Otaniemen apteekki","robots":{"index":"index","follow":"follow","max-snippet":"max-snippet:-1","max-image-preview":"max-image-preview:large","max-video-preview":"max-video-preview:-1"},"canonical":"https:\/\/www.otaniemenapteekki.fi\/sv\/tietosuojaseloste\/","og_locale":"sv_SE","og_type":"article","og_title":"Tietosuojaseloste - Otaniemen apteekki","og_description":"Tapiolan Aino apteekin rekisteri- ja tietosuojaseloste T\u00e4m\u00e4 on Tapiolan Aino apteekin henkil\u00f6tietolain (10 ja 24 \u00a7) ja EU:n yleisen tietosuoja-asetuksen (GDPR) mukainen rekisteri- ja tietosuojaseloste. Laadittu 18.5.2022. 1. Rekisterinpit\u00e4j\u00e4 Tapiolan Aino apteekkiOsoite L\u00e4nsituuli 12, 02100 Espoos\u00e4hk\u00f6posti: ainoapteekki@apteekit.netwww.otaniemenapteekki.fi 2. Rekisterist\u00e4 vastaava yhteyshenkil\u00f6 Anne Calander, Tapiolan Aino apteekkiOsoite L\u00e4nsituuli 12, 02100 Espoop. 09 4391 5212s\u00e4hk\u00f6posti: ainoapteekki@apteekit.netwww.otaniemenapteekki.fi 3. [&hellip;]","og_url":"https:\/\/www.otaniemenapteekki.fi\/sv\/tietosuojaseloste\/","og_site_name":"Otaniemen apteekki","article_modified_time":"2023-06-02T08:22:38+00:00","twitter_card":"summary_large_image","twitter_misc":{"Ber\u00e4knad l\u00e4stid":"4 minuter"},"schema":{"@context":"https:\/\/schema.org","@graph":[{"@type":"WebPage","@id":"https:\/\/www.otaniemenapteekki.fi\/tietosuojaseloste\/","url":"https:\/\/www.otaniemenapteekki.fi\/tietosuojaseloste\/","name":"Tietosuojaseloste - Otaniemen apteekki","isPartOf":{"@id":"https:\/\/www.otaniemenapteekki.fi\/#website"},"datePublished":"2022-03-11T17:26:44+00:00","dateModified":"2023-06-02T08:22:38+00:00","breadcrumb":{"@id":"https:\/\/www.otaniemenapteekki.fi\/tietosuojaseloste\/#breadcrumb"},"inLanguage":"sv-SE","potentialAction":[{"@type":"ReadAction","target":["https:\/\/www.otaniemenapteekki.fi\/tietosuojaseloste\/"]}]},{"@type":"BreadcrumbList","@id":"https:\/\/www.otaniemenapteekki.fi\/tietosuojaseloste\/#breadcrumb","itemListElement":[{"@type":"ListItem","position":1,"name":"Etusivu","item":"https:\/\/www.otaniemenapteekki.fi\/"},{"@type":"ListItem","position":2,"name":"Tietosuojaseloste"}]},{"@type":"WebSite","@id":"https:\/\/www.otaniemenapteekki.fi\/#website","url":"https:\/\/www.otaniemenapteekki.fi\/","name":"Otaniemen apteekki","description":"","potentialAction":[{"@type":"SearchAction","target":{"@type":"EntryPoint","urlTemplate":"https:\/\/www.otaniemenapteekki.fi\/?s={search_term_string}"},"query-input":{"@type":"PropertyValueSpecification","valueRequired":true,"valueName":"search_term_string"}}],"inLanguage":"sv-SE"}]}},"_links":{"self":[{"href":"https:\/\/www.otaniemenapteekki.fi\/sv\/wp-json\/wp\/v2\/pages\/3"}],"collection":[{"href":"https:\/\/www.otaniemenapteekki.fi\/sv\/wp-json\/wp\/v2\/pages"}],"about":[{"href":"https:\/\/www.otaniemenapteekki.fi\/sv\/wp-json\/wp\/v2\/types\/page"}],"author":[{"embeddable":true,"href":"https:\/\/www.otaniemenapteekki.fi\/sv\/wp-json\/wp\/v2\/users\/1"}],"replies":[{"embeddable":true,"href":"https:\/\/www.otaniemenapteekki.fi\/sv\/wp-json\/wp\/v2\/comments?post=3"}],"version-history":[{"count":6,"href":"https:\/\/www.otaniemenapteekki.fi\/sv\/wp-json\/wp\/v2\/pages\/3\/revisions"}],"predecessor-version":[{"id":987490641,"href":"https:\/\/www.otaniemenapteekki.fi\/sv\/wp-json\/wp\/v2\/pages\/3\/revisions\/987490641"}],"wp:attachment":[{"href":"https:\/\/www.otaniemenapteekki.fi\/sv\/wp-json\/wp\/v2\/media?parent=3"}],"curies":[{"name":"wp","href":"https:\/\/api.w.org\/{rel}","templated":true}]}}